{"id":112,"date":"2018-05-21T21:15:48","date_gmt":"2018-05-21T19:15:48","guid":{"rendered":"http:\/\/ibb-wilhelm.de\/wordpress\/?page_id=112"},"modified":"2024-03-24T11:04:04","modified_gmt":"2024-03-24T10:04:04","slug":"publikationen","status":"publish","type":"page","link":"https:\/\/www.ibb-wilhelm.de\/wordpress\/publikationen\/","title":{"rendered":"Publikationen"},"content":{"rendered":"<h3>Zeitschriftenbeitr\u00e4ge<\/h3>\n<div class=\"row\"> <div class=\"col-md-1\">\n2022<br \/>\n<\/div><div class=\"col-md-11\">\n<p>Hering, M., Wilhelm, S., Wasemann, H., Bergholz, M., Beckmann, B. &#038; Curbach, M., 13 Dez. 2022, in: Beton- und Stahlbetonbau. 118, 2, 9 S.: Ein UHPC findet Anwendung in der Tiefseeforschung \u2013 Festigkeitskennwerte<br \/>\n<\/div><\/div>\n<div class=\"row\"> <div class=\"col-md-1\">\n2019<br \/>\n<\/div><div class=\"col-md-11\">\n<p>Scheerer, S.; Zobel, R.; M\u00fcller, E.; Senckpiel-Peters, T.; Schmidt, A.; Curbach, M. Flexural Strengthening of RC Structures with TRC\u2014Experimental Observations, Design Approach and Application. <em>Appl. Sci.<\/em> <b>2019<\/b>, <em>9<\/em>, 1322 &#8211; <a href=\"https:\/\/www.mdpi.com\/2076-3417\/9\/7\/1322\">https:\/\/www.mdpi.com\/2076-3417\/9\/7\/1322<\/a><\/p>\n<\/div><\/div>\n<div class=\"row\"> <div class=\"col-md-1\">\n<p>2018<\/p>\n<\/div><div class=\"col-md-11\">\n<p>Wilhelm, S.; Curbach, M.: UHPC-Druckgeh\u00e4use f\u00fcr Anwendungen in der Tiefsee. <i>Beton- und Stahlbetonbau<\/i><b> 113<\/b> (2018), S. 9 &#8211; <a href=\"http:\/\/dx.doi.org\/10.1002\/best.201800007\" target=\"blank\" rel=\"noopener noreferrer\">DOI: 10.1002\/best.201800007<\/a><\/p>\n<p>Hegger, J.; Curbach, M.; Stark, A.; Wilhelm, S.; Farwig, K.: Innovative design concepts: Application of textile reinforced concrete to shell structures. <i>Structural Concrete<\/i> (2018), S. 10 &#8211; <a href=\"http:\/\/dx.doi.org\/10.1002\/suco.201700157\" target=\"blank\" rel=\"noopener noreferrer\">DOI: 10.1002\/suco.201700157<\/a><\/p>\n<\/div><\/div>\n<div class=\"row\"> <div class=\"col-md-1\">\n<p>2017<\/p>\n<\/div><div class=\"col-md-11\">\n<p>Curbach, M.; Schladitz, F.; Weslek, J.; Zobel, R.: Eine Vision wird Realit\u00e4t: Der Betonbau der Zukunft ist nachhaltig, leicht, flexibel und formbar &#8211; dank Carbon. <i>Pr\u00fcfingenieur<\/i> (2017) 51, S. 20-35<\/p>\n<p>Wilhelm, S.; Curbach, M.: Experimental and non-linear numerical analysis of underwater housings for the deep sea made of ultra-high performance concrete (UHPC). <i>Structural Concrete<\/i><b> 18<\/b> (2017), S. 216-224 &#8211; <a href=\"http:\/\/dx.doi.org\/10.1002\/suco.201600018\" target=\"blank\" rel=\"noopener noreferrer\">DOI: 10.1002\/suco.201600018<\/a><\/p>\n<\/div><\/div>\n<div class=\"row\"> <div class=\"col-md-1\">\n<p>2016<\/p>\n<\/div><div class=\"col-md-11\">\n<p>Zobel, R.; Curbach, M: Numerical study of reinforced and prestressed concrete components under biaxial tensile stresses. <i>Structural Concrete<\/i> (2016) &#8211; <a href=\"http:\/\/dx.doi.org\/10.1002\/suco.201600077\" target=\"blank\" rel=\"noopener noreferrer\">DOI: 10.1002\/suco.201600077<\/a><\/p>\n<\/div><\/div>\n<div class=\"row\"> <div class=\"col-md-1\">\n<p>2014<\/p>\n<\/div><div class=\"col-md-11\">\n<p>Wilhelm, S.; Curbach, M.: Review of possible mineral materials and production techniques for a building material on the moon. <i>Structural Concrete<\/i><b> 15<\/b> (2014) 3, S. 419-428 &#8211; <a href=\"http:\/\/dx.doi.org\/10.1002\/suco.201300088\" target=\"blank\" rel=\"noopener noreferrer\">DOI: 10.1002\/suco.201300088<\/a><\/p>\n<\/div><\/div>\n<h3>Tagungsbandbeitr\u00e4ge und Buchkapitel<\/h3>\n<div class=\"row\"> <div class=\"col-md-1\">\n<p>2022<\/p>\n<\/div><div class=\"col-md-11\">\nSch\u00fctze, E., Schumann, A., Wenzh\u00f6fer, F., Frommhold, L., Wilhelm, S., Hering, M. &#038; Wasemann, H., 19 Dez. 2022, OCEANS 2022 Hampton Roads Online Proceedings. IEEE (Hrsg.).8 S.: DeepC3000 \u2013 first deployment of a pressure housing made of UHPC for depths up to 3,000 m on a deepsea mission using a carrier frame made of carbon reinforced concrete<\/p>\n<p>Hering, M., Wilhelm, S., Curbach, M., Wasemann, H., Bergholz, M., Wenzh\u00f6fer, F., Frommhold, L. &#038; 2 weitere, 19 Dez. 2022, OCEANS 2022 Hampton Roads Online Proceedings. IEEE (Hrsg.).7 S.: DeepC3000 \u2013 large corrosion-free pressure housing made of ultra-high performance concrete (UHPC) for depths up to 3,000 m<\/p>\n<p>Hering, M.; Wilhelm, S.; Curbach, M.: Druckgeh\u00e4use aus Ultrahochleistungsbeton (UHPC) f\u00fcr Tiefen bis zu 3000 m \u2013 DeepC3000. In: Innsbrucker Bautage 2022<\/p>\n<\/div><\/div>\n<div class=\"row\"> <div class=\"col-md-1\">\n<p>2019<\/p>\n<\/div><div class=\"col-md-11\">\n<p>Schumann, A.; Hentschel, M.; Zobel, R.; Curbach, M.: Strengthening of the Hypar Shell in Magdeburg with Carbon Reinforced Concrete &#8211; Design and Calculations. In: L\u00e1zaro, C.; Bletzinger, K.-U.; Onate, E. (Hrsg.): Proceedings of the IASS Annual Symposium 2019 &#8211; Strucural Membranes 2019 &#8211; <i>FORM and FORCE, October 7 &#8211; 10, 2019, Barcelona, Spain<\/i>. CRC Press, 2019, S. 855-862<\/p>\n<\/div><\/div>\n<div class=\"row\"> <div class=\"col-md-1\">\n<p>2018<\/p>\n<\/div><div class=\"col-md-11\">\n<p>Schumann, A.; Zobel, R.; Curbach, M.: Finite element research of reinforced concrete structures strengthened with textile reinforced concrete (TRC). In: Meschke, G.; Pichler, B.; Rots, J. G. (Hrsg.): <i>Computational Modelling of Concrete and Concrete Structures: Proccedings of the Conference on Computational Modelling of Concrete and Concrete Structures (EURO-C 2018), February 26 &#8211; March 1, 2018, Bad Hofgastein, Austria<\/i>. CRC Press, 2018, S. 829-837<\/p>\n<p>Tietze, M.; Schladitz, F.; Kahnt, A.; Garibaldi, P.; Zobel, R.; Curbach, M: Future applications in Carbon reinforced concrete (CRC). In: <i>Engineering the Developing World &#8211; Proc. of 2018 IABSE Conf<\/i>. 24.-25.4.2018 in Kuala Lumpur (Malaysia), IABSE, 2018, S. 242-243<\/p>\n<\/div><\/div>\n<div class=\"row\"> <div class=\"col-md-1\">\n<p>2017<\/p>\n<\/div><div class=\"col-md-11\">\n<p>Zobel, R.: NORMalit\u00e4t f\u00fcr Carbonbeton. In: MTS\/IEEE (Hrsg.): <i>9. Carbon- und Textilbetontage<\/i>., 2017, S. 4<\/p>\n<p>Curbach, M.; Schladitz, F.; Weslek, J.; Zobel, R.: Eine Vision wird Realit\u00e4t: Der Betonbau der Zukunft ist nachhaltig, leicht, flexibel und formbar &#8211; dank Carbon. <i>Pr\u00fcfingenieur<\/i> (2017) 51, S. 20-35<\/p>\n<p>Zobel, R.: Einblicke ins Innere. In: <i>Deutscher Bautechnik-Tag 2017 &#8211; Dialog. Innovation. Qualit\u00e4t.<\/i>., 2017, S. 371-376<\/p>\n<p>Wilhelm, S.; Curbach, M.: Sealing systems for low-cost and corrosion-free pressure housings made of ultra-high performance concrete (UHPC). In: MTS\/IEEE (Hrsg.): <i>OCEANS&#8217;17 Aberdeen, Schottland<\/i>., 2017, S. 4<\/p>\n<p>Wilhelm, S.; Curbach, M.: \u00dcber den Tellerrand schauen &#8211; von der Tiefsee bis zum Mond. In: <i>Beton &#8211; Herausforderungen in Forschung und Praxis, Festschrift anl\u00e4sslich des 60. Geburtstages von Herrn Prof. Dr.-Ing. Rolf Breitenb\u00fccher<\/i>. Ruhr Universit\u00e4t Bochum, 2017, S. 14-27<\/p>\n<\/div><\/div>\n<div class=\"row\"> <div class=\"col-md-1\">\n<p>2016<\/p>\n<\/div><div class=\"col-md-11\">\n<p>Wilhelm, S.; Curbach, M.: Development of underwater housings for the deep sea made of ultra-high performance concrete (UHPC) and long-term testing at the arctic sea. In: MTS\/IEEE (Hrsg.): <i>OCEANS&#8217;16 Monterey, California, USA<\/i>., 2016, S. 6 &#8211; <a href=\"http:\/\/dx.doi.org\/10.1109\/OCEANS.2016.7760999\" target=\"blank\" rel=\"noopener noreferrer\">DOI: 10.1109\/OCEANS.2016.7760999<\/a><\/p>\n<p>Wilhelm, S.; Zobel, R.: Br\u00fcckenbauexkursion 2015 &#8211; Infrastrukturprojekte in Tschechien, \u00d6sterreich und Deutschland. In: Curbach, M. (Hrsg.): <i>Tagungsband zum 25. Dresdner Br\u00fcckenbausymposium<\/i>. Dresden : Eigenverlag, Institut f\u00fcr Massivbau der TU Dresden, 2016<\/p>\n<\/div><\/div>\n<div class=\"row\"> <div class=\"col-md-1\">\n<p>2015<\/p>\n<\/div><div class=\"col-md-11\">\n<p>Wilhelm, S.; Curbach, M.: Manufacturing of Lunar Concrete by Steam. In: Gertsch, L. S.; Malla, R. B. (Hrsg.): <i>Earth and Space 2014: Engineering for Extreme Environments<\/i>. ASCE, 2015, S. 274-282 &#8211; <a href=\"http:\/\/dx.doi.org\/10.1061\/9780784479179.031\" target=\"blank\" rel=\"noopener noreferrer\">DOI: 10.1061\/9780784479179.031<\/a><\/p>\n<p>Zobel, R.; Wilhelm, S.: Br\u00fcckenbauexkursion 2014 &#8211; Spurensuche in Deutschland. In: Curbach, M. (Hrsg.): <i>Tagungsband zum 25. Dresdner Br\u00fcckenbausymposium<\/i>. Dresden : Eigenverlag, Institut f\u00fcr Massivbau der TU Dresden, 2015<\/p>\n<p>Zobel, R.; Curbach, M.: Bond modelling of reinforcing steel under transverse tension (short paper). In: <i>Proceedings of the fib Symposium &#8211; Concrete &#8211; Innovation and Design<\/i>. Tivoli Congress Center Copenhagen, 2015, S. 426-427<\/p>\n<p>Zobel, R.; Curbach, M.: Bond modelling of reinforcing steel under transverse tension (long paper). In: <i>Proceedings of the fib Symposium &#8211; Concrete &#8211; Innovation and Design<\/i>. Tivoli Congress Center Copenhagen, 2015<\/p>\n<\/div><\/div>\n<div class=\"row\"> <div class=\"col-md-1\">\n<p>2014<\/p>\n<\/div><div class=\"col-md-11\">\n<p>Zobel, R.; Weselek, J.: Gro\u00dfe Spannweiten &#8211; Br\u00fcckenbauexkursion 2013 nach D\u00e4nemark. In: Curbach, M. (Hrsg.): <i>Tagungsband zum 24. Dresdner Br\u00fcckenbausymposium &#8211; Planung, Bauausf\u00fchrung, Instandsetzung und Ert\u00fcchtigung von Br\u00fccken<\/i>. Dresden : Eigenverlag, Institut f\u00fcr Massivbau der TU Dresden, 2014<\/p>\n<p>Wilhelm, S.; Curbach, M.: Bauen auf dem Mond &#8211; M\u00f6glichkeiten und Grenzen. In: Steinborn, T. (Hrsg.): <i>Festschrift Ludger Lohaus zur Vollendung des sechzigsten Lebensjahres<\/i>. Leibnitz Universit\u00e4t Hannover, 2014, S. 107-114<\/p>\n<\/div><\/div>\n<div class=\"row\"> <div class=\"col-md-1\">\n<p>2013<\/p>\n<\/div><div class=\"col-md-11\">\n<p>Zobel, R.: Modellierung des Verbundverhaltens von Betonstahl unter Querzug. In: <i>Beitr\u00e4ge zur 1. DAfStb-Jahrestagung mit 54. Forschungskolloquium<\/i>., 2013, S. 371-376<\/p>\n<\/div><\/div>\n<h3>B\u00fccher, Tagungsb\u00e4nde und Forschungsberichte<\/h3>\n<div class=\"row\"> <div class=\"col-md-1\">\n2023<br \/>\n<\/div><div class=\"col-md-11\">\n<p>Editor(s):Univ.-Prof. Dr.-Ing. Dr.-Ing. E.h. Manfred Curbach, Univ.-Prof. Dr.-Ing. Josef Hegger, Dr.-Ing. Frank Schladitz MBA,, Dipl.-Wirtsch.-Ing. (FH) Matthias Tietze M. A.,, Dr.-Ing. Matthias Lieboldt: Handbuch Carbonbeton: Einsatz nichtmetallischer Bewehrung, ISBN:9783433032060, 2023<br \/>\nKapitel 14: Normen und Richtlinien: Christoph Alfes, Alexander Schumann, Robert Zobel<br \/>\n<\/div><\/div>\n<div class=\"row\"> <div class=\"col-md-1\">\n2017<br \/>\n<\/div><div class=\"col-md-11\">\n<p>Wilhelm, S.: Einsatz von UHPC-Druckgeh\u00e4usen zum Schutz vor extremen Umgebungsbedingungen der Tiefsee. Technische Universit\u00e4t Dresden, Dissertation, 2017<\/p>\n<p>Zobel, R.: Verbundmodellierung von Beton- und Spannstahl unter Querzug. Technische Universit\u00e4t Dresden, Dissertation, 2017<br \/>\n<\/div><\/div>\n<div class=\"row\"> <div class=\"col-md-1\">\n2016<br \/>\n<\/div><div class=\"col-md-11\">\n<p>Zobel, R.; Curbach, M.: Modellierung des Verbundverhaltens von Beton- und Spannstahl unter Querzug. Institut f\u00fcr Massivbau der Technischen Universit\u00e4t Dresden, 2016<br \/>\n<\/div><\/div>\n","protected":false},"excerpt":{"rendered":"<p>Zeitschriftenbeitr\u00e4ge Tagungsbandbeitr\u00e4ge und Buchkapitel B\u00fccher, Tagungsb\u00e4nde und Forschungsberichte<\/p>\n","protected":false},"author":1,"featured_media":0,"parent":0,"menu_order":0,"comment_status":"closed","ping_status":"closed","template":"page-feature.php","meta":{"kt_blocks_editor_width":"","footnotes":""},"class_list":["post-112","page","type-page","status-publish","hentry"],"_links":{"self":[{"href":"https:\/\/www.ibb-wilhelm.de\/wordpress\/wp-json\/wp\/v2\/pages\/112","targetHints":{"allow":["GET"]}}],"collection":[{"href":"https:\/\/www.ibb-wilhelm.de\/wordpress\/wp-json\/wp\/v2\/pages"}],"about":[{"href":"https:\/\/www.ibb-wilhelm.de\/wordpress\/wp-json\/wp\/v2\/types\/page"}],"author":[{"embeddable":true,"href":"https:\/\/www.ibb-wilhelm.de\/wordpress\/wp-json\/wp\/v2\/users\/1"}],"replies":[{"embeddable":true,"href":"https:\/\/www.ibb-wilhelm.de\/wordpress\/wp-json\/wp\/v2\/comments?post=112"}],"version-history":[{"count":33,"href":"https:\/\/www.ibb-wilhelm.de\/wordpress\/wp-json\/wp\/v2\/pages\/112\/revisions"}],"predecessor-version":[{"id":756,"href":"https:\/\/www.ibb-wilhelm.de\/wordpress\/wp-json\/wp\/v2\/pages\/112\/revisions\/756"}],"wp:attachment":[{"href":"https:\/\/www.ibb-wilhelm.de\/wordpress\/wp-json\/wp\/v2\/media?parent=112"}],"curies":[{"name":"wp","href":"https:\/\/api.w.org\/{rel}","templated":true}]}}