{"id":115,"date":"2018-05-21T21:17:11","date_gmt":"2018-05-21T19:17:11","guid":{"rendered":"http:\/\/ibb-wilhelm.de\/wordpress\/?page_id=115"},"modified":"2023-08-07T10:22:35","modified_gmt":"2023-08-07T08:22:35","slug":"chronik","status":"publish","type":"page","link":"https:\/\/www.ibb-wilhelm.de\/wordpress\/chronik\/","title":{"rendered":"Chronik"},"content":{"rendered":"<div class=\"row\"> <div class=\"col-md-4\">\n<p><img loading=\"lazy\" decoding=\"async\" class=\"alignleft size-thumbnail wp-image-325\" src=\"http:\/\/ibb-wilhelm.de\/wordpress\/wp-content\/uploads\/32_Chronik_bb-150x150.jpg\" alt=\"\" width=\"150\" height=\"150\" \/><\/p>\n<\/div><div class=\"col-md-4\">\n<p>Im Jahr 1992 wurde das Ingenieurb\u00fcro f\u00fcr Baustatik und Bautechnik &#8211; kurz IBB &#8211; von Lutz Wilhelm in Dresden gegr\u00fcndet. Neben der Bemessung von Stahlbeton z\u00e4hlen auch die Bemessung von Mauerwerksbau, Holzbau und Stahlbau zum breiten T\u00e4tigkeitsfeld des Unternehmens.<\/p>\n<p>Lutz Wilhelm hat Bauingenieurwesen an der TU Dresden studiert und anschlie\u00dfend \u00fcber Jahrzehnte Expertise im Bereich der Baustatik und Tragwerksplanung erlangt. Der Bereich Bestandsbauten und Sanierung ist dabei ein elementarer Teil der vielf\u00e4ltigen Projekte. Das Unternehmen steht innovativen L\u00f6sungsans\u00e4tzen\u00a0sehr offen gegen\u00fcber.<\/p>\n<p>Im Juli 2023 erfolgte die Umfirmierung zum IBB Ingenieurb\u00fcro Baustatik Bautechnik Wilhelm &amp; Zobel PartG mbB durch Aufnahme von Dr.-Ing. Robert Zobel und Dr.-Ing. Sebastian Wilhelm als Partner.<\/p>\n<\/div><div class=\"col-md-4\">\n<\/div><\/div>\n<div class=\"row\"><\/div> <div class=\"col-md-4\"><\/div>\n","protected":false},"excerpt":{"rendered":"","protected":false},"author":1,"featured_media":0,"parent":0,"menu_order":0,"comment_status":"closed","ping_status":"closed","template":"page-feature.php","meta":{"kt_blocks_editor_width":"","footnotes":""},"class_list":["post-115","page","type-page","status-publish","hentry"],"_links":{"self":[{"href":"https:\/\/www.ibb-wilhelm.de\/wordpress\/wp-json\/wp\/v2\/pages\/115","targetHints":{"allow":["GET"]}}],"collection":[{"href":"https:\/\/www.ibb-wilhelm.de\/wordpress\/wp-json\/wp\/v2\/pages"}],"about":[{"href":"https:\/\/www.ibb-wilhelm.de\/wordpress\/wp-json\/wp\/v2\/types\/page"}],"author":[{"embeddable":true,"href":"https:\/\/www.ibb-wilhelm.de\/wordpress\/wp-json\/wp\/v2\/users\/1"}],"replies":[{"embeddable":true,"href":"https:\/\/www.ibb-wilhelm.de\/wordpress\/wp-json\/wp\/v2\/comments?post=115"}],"version-history":[{"count":5,"href":"https:\/\/www.ibb-wilhelm.de\/wordpress\/wp-json\/wp\/v2\/pages\/115\/revisions"}],"predecessor-version":[{"id":699,"href":"https:\/\/www.ibb-wilhelm.de\/wordpress\/wp-json\/wp\/v2\/pages\/115\/revisions\/699"}],"wp:attachment":[{"href":"https:\/\/www.ibb-wilhelm.de\/wordpress\/wp-json\/wp\/v2\/media?parent=115"}],"curies":[{"name":"wp","href":"https:\/\/api.w.org\/{rel}","templated":true}]}}