{"id":118,"date":"2018-05-21T21:18:40","date_gmt":"2018-05-21T19:18:40","guid":{"rendered":"http:\/\/ibb-wilhelm.de\/wordpress\/?page_id=118"},"modified":"2024-03-24T07:46:24","modified_gmt":"2024-03-24T06:46:24","slug":"tragwerksplanung","status":"publish","type":"page","link":"https:\/\/www.ibb-wilhelm.de\/wordpress\/tragwerksplanung\/","title":{"rendered":"Tragwerksplanung"},"content":{"rendered":"<div class=\"row\"> <div class=\"col-md-4\">\n<p><img loading=\"lazy\" decoding=\"async\" class=\"alignleft size-thumbnail wp-image-298\" src=\"http:\/\/ibb-wilhelm.de\/wordpress\/wp-content\/uploads\/1_Tragwerksplanung_b-150x150.jpg\" alt=\"\" width=\"150\" height=\"150\" srcset=\"https:\/\/www.ibb-wilhelm.de\/wordpress\/wp-content\/uploads\/1_Tragwerksplanung_b-150x150.jpg 150w, https:\/\/www.ibb-wilhelm.de\/wordpress\/wp-content\/uploads\/1_Tragwerksplanung_b-300x300.jpg 300w, https:\/\/www.ibb-wilhelm.de\/wordpress\/wp-content\/uploads\/1_Tragwerksplanung_b.jpg 450w\" sizes=\"auto, (max-width: 150px) 100vw, 150px\" \/><\/p>\n<p>&nbsp;<\/p>\n<p>&nbsp;<\/p>\n<p>&nbsp;<\/p>\n<p>&nbsp;<\/p>\n<p>&nbsp;<\/p>\n<p>&nbsp;<\/p>\n<\/div><div class=\"col-md-4\">\n<p><strong>Planen. Berechnen. Optimieren.<\/strong><\/p>\n<p>F\u00fcr uns stehen bei statischen Berechnungen von Tragwerken neben der erforderlichen Tragf\u00e4higkeit und Gebrauchstauglichkeit einer Baukonstruktion die Wirtschaftlichkeit und \u00c4sthetik im Vordergrund. Ziel ist stets eine praxisbezogene Planung auf der Grundlage von hohem eigenen Spezialwissen und Kreativit\u00e4t. Unser Leistungsangebot reicht von der ersten Skizze bis zur Ausf\u00fchrungsplanung.<\/p>\n<p>&nbsp;<\/p>\n<\/div><div class=\"col-md-4\">\n<p><strong>Unsere Leistungen:<\/strong><\/p>\n<ul class=\"ce-bullets\">\n<li>Tragwerksplanung f\u00fcr Stahlbau, Massivbau und Holzbau<\/li>\n<li>Tragwerksplanung f\u00fcr alle Leistungsphasen<\/li>\n<li>Schal- und Bewehrungspl\u00e4ne<\/li>\n<li>\u00dcberwachung der Bauausf\u00fchrung<\/li>\n<li>Baugutachten<\/li>\n<li>Sanierungsplanung<\/li>\n<li>Verst\u00e4rkungsstatik<\/li>\n<li>\n<div>Verst\u00e4rken mit Textilbeton nach abZ Z-31.10-182<\/div>\n<\/li>\n<li>Fertigteilbau<\/li>\n<li>Verbindungstechnik<\/li>\n<\/ul>\n<p>&nbsp;<\/p>\n<p>&nbsp;<\/p>\n<\/div><\/div>\n","protected":false},"excerpt":{"rendered":"","protected":false},"author":1,"featured_media":0,"parent":0,"menu_order":0,"comment_status":"closed","ping_status":"closed","template":"page-feature.php","meta":{"kt_blocks_editor_width":"","footnotes":""},"class_list":["post-118","page","type-page","status-publish","hentry"],"_links":{"self":[{"href":"https:\/\/www.ibb-wilhelm.de\/wordpress\/wp-json\/wp\/v2\/pages\/118","targetHints":{"allow":["GET"]}}],"collection":[{"href":"https:\/\/www.ibb-wilhelm.de\/wordpress\/wp-json\/wp\/v2\/pages"}],"about":[{"href":"https:\/\/www.ibb-wilhelm.de\/wordpress\/wp-json\/wp\/v2\/types\/page"}],"author":[{"embeddable":true,"href":"https:\/\/www.ibb-wilhelm.de\/wordpress\/wp-json\/wp\/v2\/users\/1"}],"replies":[{"embeddable":true,"href":"https:\/\/www.ibb-wilhelm.de\/wordpress\/wp-json\/wp\/v2\/comments?post=118"}],"version-history":[{"count":15,"href":"https:\/\/www.ibb-wilhelm.de\/wordpress\/wp-json\/wp\/v2\/pages\/118\/revisions"}],"predecessor-version":[{"id":520,"href":"https:\/\/www.ibb-wilhelm.de\/wordpress\/wp-json\/wp\/v2\/pages\/118\/revisions\/520"}],"wp:attachment":[{"href":"https:\/\/www.ibb-wilhelm.de\/wordpress\/wp-json\/wp\/v2\/media?parent=118"}],"curies":[{"name":"wp","href":"https:\/\/api.w.org\/{rel}","templated":true}]}}