{"id":124,"date":"2018-05-21T21:20:59","date_gmt":"2018-05-21T19:20:59","guid":{"rendered":"http:\/\/ibb-wilhelm.de\/wordpress\/?page_id=124"},"modified":"2018-12-10T10:40:56","modified_gmt":"2018-12-10T09:40:56","slug":"gutachten-studien","status":"publish","type":"page","link":"https:\/\/www.ibb-wilhelm.de\/wordpress\/gutachten-studien\/","title":{"rendered":"Forschung und Entwicklung"},"content":{"rendered":"<div class=\"row\"> <div class=\"col-md-4\">\n<p><img loading=\"lazy\" decoding=\"async\" class=\"alignleft size-thumbnail wp-image-303\" src=\"http:\/\/ibb-wilhelm.de\/wordpress\/wp-content\/uploads\/6_Forschung_und_Entwicklung_b-150x150.jpg\" alt=\"\" width=\"150\" height=\"150\" srcset=\"https:\/\/www.ibb-wilhelm.de\/wordpress\/wp-content\/uploads\/6_Forschung_und_Entwicklung_b-150x150.jpg 150w, https:\/\/www.ibb-wilhelm.de\/wordpress\/wp-content\/uploads\/6_Forschung_und_Entwicklung_b-300x300.jpg 300w, https:\/\/www.ibb-wilhelm.de\/wordpress\/wp-content\/uploads\/6_Forschung_und_Entwicklung_b.jpg 450w\" sizes=\"auto, (max-width: 150px) 100vw, 150px\" \/><\/p>\n<p>&nbsp;<\/p>\n<p>&nbsp;<\/p>\n<p>&nbsp;<\/p>\n<p>&nbsp;<\/p>\n<p>&nbsp;<\/p>\n<p>&nbsp;<\/p>\n<\/div><div class=\"col-md-4\">\n<p><strong>Forschen. Entwickeln. Neudenken.<\/strong><\/p>\n<p><em>\u201cWenn ich die Menschen gefragt h\u00e4tte, was sie wollen, h\u00e4tten sie gesagt schnellere Pferde\u201d (Henry Ford)<\/em><\/p>\n<p>Bauweisen \u00fcberdenken, neue Ans\u00e4tze generieren, Detaill\u00f6sungen erarbeiten. Im Bereich Forschung und Entwicklung sind wir ein leistungsstarker Partner f\u00fcr die Erarbeitung von L\u00f6sungskonzepten entsprechend ihrer Herausforderungen. Sprechen Sie uns gerne an!<\/p>\n<\/div><div class=\"col-md-4\">\n<p><strong>Unsere Leistungen:<\/strong><\/p>\n<ul>\n<li>Entwicklung von technischen L\u00f6sungen von der Idee \u00fcber Studien bis hin zum fertigen Produkt<\/li>\n<li>Entwicklung von wissenschaftlich-technischen Grundlagen f\u00fcr Anwendungen<\/li>\n<li>Studien, Entw\u00fcrfe und Konzepte<\/li>\n<li>Pr\u00fcfung und Validierung<\/li>\n<li>Simulationen und Berechnungen<\/li>\n<\/ul>\n<\/div><\/div>\n<div class=\"row\"><\/div> <div class=\"col-md-4\"><\/div>\n","protected":false},"excerpt":{"rendered":"","protected":false},"author":1,"featured_media":0,"parent":0,"menu_order":0,"comment_status":"closed","ping_status":"closed","template":"page-feature.php","meta":{"kt_blocks_editor_width":"","footnotes":""},"class_list":["post-124","page","type-page","status-publish","hentry"],"_links":{"self":[{"href":"https:\/\/www.ibb-wilhelm.de\/wordpress\/wp-json\/wp\/v2\/pages\/124","targetHints":{"allow":["GET"]}}],"collection":[{"href":"https:\/\/www.ibb-wilhelm.de\/wordpress\/wp-json\/wp\/v2\/pages"}],"about":[{"href":"https:\/\/www.ibb-wilhelm.de\/wordpress\/wp-json\/wp\/v2\/types\/page"}],"author":[{"embeddable":true,"href":"https:\/\/www.ibb-wilhelm.de\/wordpress\/wp-json\/wp\/v2\/users\/1"}],"replies":[{"embeddable":true,"href":"https:\/\/www.ibb-wilhelm.de\/wordpress\/wp-json\/wp\/v2\/comments?post=124"}],"version-history":[{"count":8,"href":"https:\/\/www.ibb-wilhelm.de\/wordpress\/wp-json\/wp\/v2\/pages\/124\/revisions"}],"predecessor-version":[{"id":446,"href":"https:\/\/www.ibb-wilhelm.de\/wordpress\/wp-json\/wp\/v2\/pages\/124\/revisions\/446"}],"wp:attachment":[{"href":"https:\/\/www.ibb-wilhelm.de\/wordpress\/wp-json\/wp\/v2\/media?parent=124"}],"curies":[{"name":"wp","href":"https:\/\/api.w.org\/{rel}","templated":true}]}}