{"id":5,"date":"2015-11-08T11:26:08","date_gmt":"2015-11-08T10:26:08","guid":{"rendered":"http:\/\/ibb-wilhelm.de\/wordpress\/?page_id=5"},"modified":"2024-03-27T07:37:48","modified_gmt":"2024-03-27T06:37:48","slug":"ueber-uns","status":"publish","type":"page","link":"https:\/\/www.ibb-wilhelm.de\/wordpress\/ueber-uns\/","title":{"rendered":"Impressum"},"content":{"rendered":"<p><strong>Angaben gem\u00e4\u00df \u00a7 5 TMG:<\/strong><\/p>\n<p>Dipl.-Ing. Lutz Wilhelm, Beratender Ingenieur<\/p>\n<p>Dr.-Ing. Sebastian Wilhelm, Beratender Ingenieur<\/p>\n<p>Dr.-Ing Robert Zobel, Beratender Ingenieur<\/p>\n<p>IBB Ingenieurb\u00fcro Baustatik Bautechnik Wilhelm &amp; Zobel PartG mbB<\/p>\n<p>Altcosch\u00fctz 17<br \/>\n01189 Dresden<\/p>\n<p><strong>Kontakt:<\/strong><br \/>\nTelefon: +49 (0) 351 4019602<br \/>\nE-Mail: info(at)ibb-wilhelm.de<\/p>\n<p><strong>Umsatzsteuer:<\/strong><br \/>\nUmsatzsteuer-Identifikationsnummer gem\u00e4\u00df \u00a727 a Umsatzsteuergesetz:<br \/>\nDE 362 018 462<\/p>\n<p><strong>Angaben zur Berufshaftpflichtversicherung<\/strong><br \/>\nName und Sitz des Versicherers:<\/p>\n<p>HDI Versicherung AG<br \/>\nPostfach 510369<br \/>\n30633 Hannover<br \/>\nGeltungsraum der Versicherung: Deutschland<\/p>\n<p><strong>Streitschlichtung<\/strong><br \/>\nWir sind nicht bereit oder verpflichtet, an Streitbeilegungsverfahren vor einer<br \/>\nVerbraucherschlichtungsstelle teilzunehmen.<\/p>\n<p><strong>Haftung f\u00fcr Inhalte<\/strong><br \/>\nAls Diensteanbieter sind wir gem\u00e4\u00df \u00a7 7 Abs.1 TMG f\u00fcr eigene Inhalte auf diesen Seiten nach den<br \/>\nallgemeinen Gesetzen verantwortlich. Nach \u00a7\u00a7 8 bis 10 TMG sind wir als Diensteanbieter jedoch nicht<br \/>\nverpflichtet, \u00fcbermittelte oder gespeicherte fremde Informationen zu \u00fcberwachen oder nach Umst\u00e4nden<br \/>\nzu forschen, die auf eine rechtswidrige T\u00e4tigkeit hinweisen.<br \/>\nVerpflichtungen zur Entfernung oder Sperrung der Nutzung von Informationen nach den allgemeinen<br \/>\nGesetzen bleiben hiervon unber\u00fchrt. Eine diesbez\u00fcgliche Haftung ist jedoch erst ab dem Zeitpunkt der<br \/>\nKenntnis einer konkreten Rechtsverletzung m\u00f6glich. Bei Bekanntwerden von entsprechenden<br \/>\nRechtsverletzungen werden wir diese Inhalte umgehend entfernen.<\/p>\n<p><strong>Haftung f\u00fcr Links<\/strong><br \/>\nUnser Angebot enth\u00e4lt Links zu externen Websites Dritter, auf deren Inhalte wir keinen Einfluss haben.<br \/>\nDeshalb k\u00f6nnen wir f\u00fcr diese fremden Inhalte auch keine Gew\u00e4hr \u00fcbernehmen. F\u00fcr die Inhalte der<br \/>\nverlinkten Seiten ist stets der jeweilige Anbieter oder Betreiber der Seiten verantwortlich. Die verlinkten<br \/>\nSeiten wurden zum Zeitpunkt der Verlinkung auf m\u00f6gliche Rechtsverst\u00f6\u00dfe \u00fcberpr\u00fcft. Rechtswidrige<br \/>\nInhalte waren zum Zeitpunkt der Verlinkung nicht erkennbar.<br \/>\nEine permanente inhaltliche Kontrolle der verlinkten Seiten ist jedoch ohne konkrete Anhaltspunkte einer<br \/>\nRechtsverletzung nicht zumutbar. Bei Bekanntwerden von Rechtsverletzungen werden wir derartige Links<br \/>\numgehend entfernen.<\/p>\n<p><strong>Urheberrecht<\/strong><br \/>\nDie durch die Seitenbetreiber erstellten Inhalte und Werke auf diesen Seiten unterliegen dem deutschen<br \/>\nUrheberrecht. Die Vervielf\u00e4ltigung, Bearbeitung, Verbreitung und jede Art der Verwertung au\u00dferhalb der<br \/>\nGrenzen des Urheberrechtes bed\u00fcrfen der schriftlichen Zustimmung des jeweiligen Autors bzw.<br \/>\nErstellers. Downloads und Kopien dieser Seite sind nur f\u00fcr den privaten, nicht kommerziellen Gebrauch<br \/>\ngestattet.<br \/>\nSoweit die Inhalte auf dieser Seite nicht vom Betreiber erstellt wurden, werden die Urheberrechte Dritter<br \/>\nbeachtet. Insbesondere werden Inhalte Dritter als solche gekennzeichnet. Sollten Sie trotzdem auf eine<br \/>\nUrheberrechtsverletzung aufmerksam werden, bitten wir um einen entsprechenden Hinweis. Bei<br \/>\nBekanntwerden von Rechtsverletzungen werden wir derartige Inhalte umgehend entfernen.<\/p>\n<p><a href=\"https:\/\/www.e-recht24.de\/impressum-generator.html\">Quelle: https:\/\/www.e-recht24.de\/impressum-generator.htm<\/a><\/p>\n","protected":false},"excerpt":{"rendered":"<p>Angaben gem\u00e4\u00df \u00a7 5 TMG: Dipl.-Ing. Lutz Wilhelm, Beratender Ingenieur Dr.-Ing. Sebastian Wilhelm, Beratender Ingenieur Dr.-Ing Robert Zobel, Beratender Ingenieur IBB Ingenieurb\u00fcro Baustatik Bautechnik Wilhelm &amp; Zobel PartG mbB Altcosch\u00fctz 17 01189 Dresden Kontakt: Telefon: +49 (0) 351 4019602 E-Mail: &hellip; <a href=\"https:\/\/www.ibb-wilhelm.de\/wordpress\/ueber-uns\/\">Weiter<\/a><\/p>\n","protected":false},"author":1,"featured_media":0,"parent":0,"menu_order":0,"comment_status":"closed","ping_status":"closed","template":"page-feature.php","meta":{"kt_blocks_editor_width":"","footnotes":""},"class_list":["post-5","page","type-page","status-publish","hentry"],"_links":{"self":[{"href":"https:\/\/www.ibb-wilhelm.de\/wordpress\/wp-json\/wp\/v2\/pages\/5","targetHints":{"allow":["GET"]}}],"collection":[{"href":"https:\/\/www.ibb-wilhelm.de\/wordpress\/wp-json\/wp\/v2\/pages"}],"about":[{"href":"https:\/\/www.ibb-wilhelm.de\/wordpress\/wp-json\/wp\/v2\/types\/page"}],"author":[{"embeddable":true,"href":"https:\/\/www.ibb-wilhelm.de\/wordpress\/wp-json\/wp\/v2\/users\/1"}],"replies":[{"embeddable":true,"href":"https:\/\/www.ibb-wilhelm.de\/wordpress\/wp-json\/wp\/v2\/comments?post=5"}],"version-history":[{"count":7,"href":"https:\/\/www.ibb-wilhelm.de\/wordpress\/wp-json\/wp\/v2\/pages\/5\/revisions"}],"predecessor-version":[{"id":705,"href":"https:\/\/www.ibb-wilhelm.de\/wordpress\/wp-json\/wp\/v2\/pages\/5\/revisions\/705"}],"wp:attachment":[{"href":"https:\/\/www.ibb-wilhelm.de\/wordpress\/wp-json\/wp\/v2\/media?parent=5"}],"curies":[{"name":"wp","href":"https:\/\/api.w.org\/{rel}","templated":true}]}}